{"id":768,"date":"2017-06-26T12:47:49","date_gmt":"2017-06-26T12:47:49","guid":{"rendered":"http:\/\/buzzhosting.pt\/cpa2\/?page_id=768\/"},"modified":"2017-06-26T12:47:49","modified_gmt":"2017-06-26T12:47:49","slug":"inmobiliario","status":"publish","type":"page","link":"https:\/\/www.cpassociados.pt\/es\/areas-pratica\/inmobiliario\/","title":{"rendered":"INMOBILIARIO"},"content":{"rendered":"<p>[vc_row][vc_column][vc_column_text]CPA tiene una larga y amplia experiencia en\u00a0 la \u00e1rea de Inmobiliario. El compromiso de CPA se basa en la comprensi\u00f3n de las necesidades y objetivos de sus Clientes, con la finalidad de proporcionar un servicio integrado, englobando las vertientes legal, inmobiliaria, operacional, administrativa, medioambiental, fiscal y urban\u00edstica, abarcando todas las etapas de una actividad o proyecto inmobiliario, urban\u00edstico, de contratas, de construcci\u00f3n o de concesi\u00f3n.<\/p>\n<p><strong>Las actividades de CPA en esta \u00e1rea abarcan, en especial:<\/strong><\/p>\n<p>&#8211; Asesor\u00eda en elaboraci\u00f3n y negociaci\u00f3n de compra-venta, arrendamiento, locaci\u00f3n financiera, formas de enajenar y financiamiento de inmuebles y venta y arrendamiento con opci\u00f3n de compra;<\/p>\n<p>&#8211; Realizaci\u00f3n de promociones inmobiliarias y gesti\u00f3n de inmuebles, teniendo por objeto \u00e1reas habitacionales, oficinas y comercio;<\/p>\n<p>&#8211; Asesor\u00eda jur\u00eddica para la constituci\u00f3n de fondos de inversi\u00f3n inmobiliaria y sociedades gestoras de fondos inmobiliarios;<\/p>\n<p>&#8211; Estructuraci\u00f3n financiera de promociones inmobiliarias y garant\u00edas contractuales;<\/p>\n<p>&#8211; Acompa\u00f1amiento y negociaci\u00f3n de formas de financiamiento de proyectos;<\/p>\n<p>&#8211; Formas de remuneraci\u00f3n de las promociones inmobiliarias;<\/p>\n<p>&#8211; Adquisiciones y operaciones de constituci\u00f3n de propiedad horizontal y consorcios;<\/p>\n<p>&#8211; Negociaci\u00f3n y elaboraci\u00f3n de <em>project-finance<\/em>, de contratas, de asociaci\u00f3n en participaci\u00f3n, de <em>joint-venture<\/em>, de consorcio y de otras formas de agrupamiento de operadores inmobiliarios;<\/p>\n<p>&#8211; Licenciamiento urban\u00edstico;<\/p>\n<p>&#8211; Acompa\u00f1amiento y asesor\u00eda en el \u00e1mbito de concursos p\u00fablicos;<\/p>\n<p>&#8211; Formas de exploraci\u00f3n y concesi\u00f3n de inmuebles del dominio p\u00fablico y del dominio privado del Estado.<\/p>\n<p>El Departamento dispone de la intervenci\u00f3n directa de diversos abogados especializados en inmobiliario y de la colaboraci\u00f3n permanente de otros departamentos de CPA (Societario, Fiscal y Estatal). [\/vc_column_text][\/vc_column][\/vc_row]<\/p>\n","protected":false},"excerpt":{"rendered":"<p>[vc_row][vc_column][vc_column_text]CPA tiene una larga y amplia experiencia en\u00a0 la \u00e1rea de Inmobiliario. El compromiso de CPA se basa en la comprensi\u00f3n de las necesidades y objetivos de sus Clientes, con la finalidad de proporcionar un servicio integrado, englobando las vertientes legal, inmobiliaria, operacional, administrativa, medioambiental, fiscal y urban\u00edstica, abarcando todas las etapas de una actividad [&hellip;]<\/p>\n","protected":false},"author":1,"featured_media":0,"parent":745,"menu_order":0,"comment_status":"closed","ping_status":"closed","template":"","meta":[],"yoast_head":"<!-- This site is optimized with the Yoast SEO plugin v19.13 - https:\/\/yoast.com\/wordpress\/plugins\/seo\/ -->\n<title>INMOBILIARIO - Carneiro Pacheco &amp; Associados - Sociedade de Advogados<\/title>\n<meta name=\"robots\" content=\"index, follow, max-snippet:-1, max-image-preview:large, max-video-preview:-1\" \/>\n<link rel=\"canonical\" href=\"https:\/\/www.cpassociados.pt\/es\/areas-pratica\/inmobiliario\/\" \/>\n<meta property=\"og:locale\" content=\"es_ES\" \/>\n<meta property=\"og:type\" content=\"article\" \/>\n<meta property=\"og:title\" content=\"INMOBILIARIO - Carneiro Pacheco &amp; Associados - Sociedade de Advogados\" \/>\n<meta property=\"og:description\" content=\"[vc_row][vc_column][vc_column_text]CPA tiene una larga y amplia experiencia en\u00a0 la \u00e1rea de Inmobiliario. El compromiso de CPA se basa en la comprensi\u00f3n de las necesidades y objetivos de sus Clientes, con la finalidad de proporcionar un servicio integrado, englobando las vertientes legal, inmobiliaria, operacional, administrativa, medioambiental, fiscal y urban\u00edstica, abarcando todas las etapas de una actividad [&hellip;]\" \/>\n<meta property=\"og:url\" content=\"https:\/\/www.cpassociados.pt\/es\/areas-pratica\/inmobiliario\/\" \/>\n<meta property=\"og:site_name\" content=\"Carneiro Pacheco &amp; Associados - Sociedade de Advogados\" \/>\n<meta name=\"twitter:card\" content=\"summary_large_image\" \/>\n<meta name=\"twitter:label1\" content=\"Tiempo de lectura\" \/>\n\t<meta name=\"twitter:data1\" content=\"2 minutos\" \/>\n<script type=\"application\/ld+json\" class=\"yoast-schema-graph\">{\"@context\":\"https:\/\/schema.org\",\"@graph\":[{\"@type\":\"WebPage\",\"@id\":\"https:\/\/www.cpassociados.pt\/es\/areas-pratica\/inmobiliario\/\",\"url\":\"https:\/\/www.cpassociados.pt\/es\/areas-pratica\/inmobiliario\/\",\"name\":\"INMOBILIARIO - Carneiro Pacheco &amp; Associados - Sociedade de Advogados\",\"isPartOf\":{\"@id\":\"https:\/\/www.cpassociados.pt\/#website\"},\"datePublished\":\"2017-06-26T12:47:49+00:00\",\"dateModified\":\"2017-06-26T12:47:49+00:00\",\"breadcrumb\":{\"@id\":\"https:\/\/www.cpassociados.pt\/es\/areas-pratica\/inmobiliario\/#breadcrumb\"},\"inLanguage\":\"es\",\"potentialAction\":[{\"@type\":\"ReadAction\",\"target\":[\"https:\/\/www.cpassociados.pt\/es\/areas-pratica\/inmobiliario\/\"]}]},{\"@type\":\"BreadcrumbList\",\"@id\":\"https:\/\/www.cpassociados.pt\/es\/areas-pratica\/inmobiliario\/#breadcrumb\",\"itemListElement\":[{\"@type\":\"ListItem\",\"position\":1,\"name\":\"In\u00edcio\",\"item\":\"https:\/\/www.cpassociados.pt\/es\/\"},{\"@type\":\"ListItem\",\"position\":2,\"name\":\"\u00c1reas de pr\u00e1ctica\",\"item\":\"https:\/\/www.cpassociados.pt\/es\/areas-pratica\/\"},{\"@type\":\"ListItem\",\"position\":3,\"name\":\"INMOBILIARIO\"}]},{\"@type\":\"WebSite\",\"@id\":\"https:\/\/www.cpassociados.pt\/#website\",\"url\":\"https:\/\/www.cpassociados.pt\/\",\"name\":\"Carneiro Pacheco &amp; Associados - Sociedade de Advogados\",\"description\":\"Escrit\u00f3rio de Advogados em Lisboa, Portugal\",\"publisher\":{\"@id\":\"https:\/\/www.cpassociados.pt\/#organization\"},\"potentialAction\":[{\"@type\":\"SearchAction\",\"target\":{\"@type\":\"EntryPoint\",\"urlTemplate\":\"https:\/\/www.cpassociados.pt\/?s={search_term_string}\"},\"query-input\":\"required name=search_term_string\"}],\"inLanguage\":\"es\"},{\"@type\":\"Organization\",\"@id\":\"https:\/\/www.cpassociados.pt\/#organization\",\"name\":\"Carneiro Pacheco &amp; Associados - Sociedade de Advogados\",\"url\":\"https:\/\/www.cpassociados.pt\/\",\"logo\":{\"@type\":\"ImageObject\",\"inLanguage\":\"es\",\"@id\":\"https:\/\/www.cpassociados.pt\/#\/schema\/logo\/image\/\",\"url\":\"https:\/\/www.cpassociados.pt\/files\/2017\/06\/logotipo_cpa.png\",\"contentUrl\":\"https:\/\/www.cpassociados.pt\/files\/2017\/06\/logotipo_cpa.png\",\"width\":591,\"height\":258,\"caption\":\"Carneiro Pacheco &amp; Associados - Sociedade de Advogados\"},\"image\":{\"@id\":\"https:\/\/www.cpassociados.pt\/#\/schema\/logo\/image\/\"}}]}<\/script>\n<!-- \/ Yoast SEO plugin. -->","yoast_head_json":{"title":"INMOBILIARIO - Carneiro Pacheco &amp; Associados - Sociedade de Advogados","robots":{"index":"index","follow":"follow","max-snippet":"max-snippet:-1","max-image-preview":"max-image-preview:large","max-video-preview":"max-video-preview:-1"},"canonical":"https:\/\/www.cpassociados.pt\/es\/areas-pratica\/inmobiliario\/","og_locale":"es_ES","og_type":"article","og_title":"INMOBILIARIO - Carneiro Pacheco &amp; Associados - Sociedade de Advogados","og_description":"[vc_row][vc_column][vc_column_text]CPA tiene una larga y amplia experiencia en\u00a0 la \u00e1rea de Inmobiliario. El compromiso de CPA se basa en la comprensi\u00f3n de las necesidades y objetivos de sus Clientes, con la finalidad de proporcionar un servicio integrado, englobando las vertientes legal, inmobiliaria, operacional, administrativa, medioambiental, fiscal y urban\u00edstica, abarcando todas las etapas de una actividad [&hellip;]","og_url":"https:\/\/www.cpassociados.pt\/es\/areas-pratica\/inmobiliario\/","og_site_name":"Carneiro Pacheco &amp; Associados - Sociedade de Advogados","twitter_card":"summary_large_image","twitter_misc":{"Tiempo de lectura":"2 minutos"},"schema":{"@context":"https:\/\/schema.org","@graph":[{"@type":"WebPage","@id":"https:\/\/www.cpassociados.pt\/es\/areas-pratica\/inmobiliario\/","url":"https:\/\/www.cpassociados.pt\/es\/areas-pratica\/inmobiliario\/","name":"INMOBILIARIO - Carneiro Pacheco &amp; Associados - Sociedade de Advogados","isPartOf":{"@id":"https:\/\/www.cpassociados.pt\/#website"},"datePublished":"2017-06-26T12:47:49+00:00","dateModified":"2017-06-26T12:47:49+00:00","breadcrumb":{"@id":"https:\/\/www.cpassociados.pt\/es\/areas-pratica\/inmobiliario\/#breadcrumb"},"inLanguage":"es","potentialAction":[{"@type":"ReadAction","target":["https:\/\/www.cpassociados.pt\/es\/areas-pratica\/inmobiliario\/"]}]},{"@type":"BreadcrumbList","@id":"https:\/\/www.cpassociados.pt\/es\/areas-pratica\/inmobiliario\/#breadcrumb","itemListElement":[{"@type":"ListItem","position":1,"name":"In\u00edcio","item":"https:\/\/www.cpassociados.pt\/es\/"},{"@type":"ListItem","position":2,"name":"\u00c1reas de pr\u00e1ctica","item":"https:\/\/www.cpassociados.pt\/es\/areas-pratica\/"},{"@type":"ListItem","position":3,"name":"INMOBILIARIO"}]},{"@type":"WebSite","@id":"https:\/\/www.cpassociados.pt\/#website","url":"https:\/\/www.cpassociados.pt\/","name":"Carneiro Pacheco &amp; Associados - Sociedade de Advogados","description":"Escrit\u00f3rio de Advogados em Lisboa, Portugal","publisher":{"@id":"https:\/\/www.cpassociados.pt\/#organization"},"potentialAction":[{"@type":"SearchAction","target":{"@type":"EntryPoint","urlTemplate":"https:\/\/www.cpassociados.pt\/?s={search_term_string}"},"query-input":"required name=search_term_string"}],"inLanguage":"es"},{"@type":"Organization","@id":"https:\/\/www.cpassociados.pt\/#organization","name":"Carneiro Pacheco &amp; Associados - Sociedade de Advogados","url":"https:\/\/www.cpassociados.pt\/","logo":{"@type":"ImageObject","inLanguage":"es","@id":"https:\/\/www.cpassociados.pt\/#\/schema\/logo\/image\/","url":"https:\/\/www.cpassociados.pt\/files\/2017\/06\/logotipo_cpa.png","contentUrl":"https:\/\/www.cpassociados.pt\/files\/2017\/06\/logotipo_cpa.png","width":591,"height":258,"caption":"Carneiro Pacheco &amp; Associados - Sociedade de Advogados"},"image":{"@id":"https:\/\/www.cpassociados.pt\/#\/schema\/logo\/image\/"}}]}},"_links":{"self":[{"href":"https:\/\/www.cpassociados.pt\/es\/wp-json\/wp\/v2\/pages\/768"}],"collection":[{"href":"https:\/\/www.cpassociados.pt\/es\/wp-json\/wp\/v2\/pages"}],"about":[{"href":"https:\/\/www.cpassociados.pt\/es\/wp-json\/wp\/v2\/types\/page"}],"author":[{"embeddable":true,"href":"https:\/\/www.cpassociados.pt\/es\/wp-json\/wp\/v2\/users\/1"}],"replies":[{"embeddable":true,"href":"https:\/\/www.cpassociados.pt\/es\/wp-json\/wp\/v2\/comments?post=768"}],"version-history":[{"count":1,"href":"https:\/\/www.cpassociados.pt\/es\/wp-json\/wp\/v2\/pages\/768\/revisions"}],"predecessor-version":[{"id":769,"href":"https:\/\/www.cpassociados.pt\/es\/wp-json\/wp\/v2\/pages\/768\/revisions\/769"}],"up":[{"embeddable":true,"href":"https:\/\/www.cpassociados.pt\/es\/wp-json\/wp\/v2\/pages\/745"}],"wp:attachment":[{"href":"https:\/\/www.cpassociados.pt\/es\/wp-json\/wp\/v2\/media?parent=768"}],"curies":[{"name":"wp","href":"https:\/\/api.w.org\/{rel}","templated":true}]}}